{"id":49381,"date":"2025-06-19T12:56:15","date_gmt":"2025-06-19T10:56:15","guid":{"rendered":"https:\/\/innoday.ludovika.hu\/kiallitoi-regisztracio\/"},"modified":"2025-08-25T14:23:19","modified_gmt":"2025-08-25T12:23:19","slug":"exhibitor-registration","status":"publish","type":"page","link":"https:\/\/innoday.ludovika.hu\/en\/exhibitor-registration\/","title":{"rendered":"Exhibitor Registration"},"content":{"rendered":"\n<div class=\"gb-element-53c6cbf8\">\n<div class=\"gb-element-468c690f\">\n<div class=\"gb-element-db999bf3\">\n<h2 class=\"gb-text\"><strong><strong>Participation as Exhibitor<\/strong> \u2013 100.000 HUF + <strong>VAT<\/strong><\/strong><\/h2>\n\n\n\n<ul class=\"wp-block-list\">\n<li>One booth (2 tables, 2 chairs)<\/li>\n\n\n\n<li>Display of the sponsor\u2019s name, logo and\/or other identifier on the official posters, invitations, and flyers of the NUPS Innovation Day<\/li>\n\n\n\n<li>Display of the sponsor\u2019s name, logo and\/or other materials as a professional partner on the event page created on the NUPS Facebook platform<\/li>\n\n\n\n<li>Appearance as a professional partner in promotional articles on the following communication platforms:\n<ul class=\"wp-block-list\">\n<li>ludovika.hu \u2013 NUPS&#8217;s scientific platform (Innovation &amp; Technology Blog)<\/li>\n\n\n\n<li>Website of the Innovation and Technology Department \u2013 iti.uni-nke.hu<\/li>\n\n\n\n<li>innoday.ludovika.hu \u2013 the official website of the event<\/li>\n\n\n\n<li>NUPS Innovation Day 2025 Exhibitor Catalogue<\/li>\n<\/ul>\n<\/li>\n\n\n\n<li>Post-event appearance in Bonum Publicum, the magazine of the National University of Public Service, and on the university\u2019s official website (uni-nke.hu)<\/li>\n<\/ul>\n\n\n\n<h2 class=\"gb-text\"><strong>Participation as Exhibitor + Presenter \u2013 150,000 HUF + VAT<\/strong><\/h2>\n\n\n\n<div class=\"gb-text-23a4e658\"><span class=\"gb-text\">Places for speakers are full.<\/span><span class=\"gb-shape\"><svg viewBox=\"0 0 24 24\" xmlns=\"http:\/\/www.w3.org\/2000\/svg\" fill=\"#000000\"><g id=\"SVGRepo_bgCarrier\" stroke-width=\"0\"><\/g><g id=\"SVGRepo_tracerCarrier\" stroke-linecap=\"round\" stroke-linejoin=\"round\"><\/g><g id=\"SVGRepo_iconCarrier\"> <title><\/title> <g id=\"Complete\"> <g id=\"alert-circle\"> <g> <line fill=\"none\" stroke=\"#ffffff\" stroke-linecap=\"round\" stroke-linejoin=\"round\" stroke-width=\"2\" x1=\"12\" x2=\"12\" y1=\"8\" y2=\"12\"><\/line> <line fill=\"none\" stroke=\"#ffffff\" stroke-linecap=\"round\" stroke-linejoin=\"round\" stroke-width=\"2\" x1=\"12\" x2=\"12\" y1=\"16\" y2=\"16\"><\/line> <circle cx=\"12\" cy=\"12\" data-name=\"--Circle\" fill=\"none\" id=\"_--Circle\" r=\"10\" stroke=\"#ffffff\" stroke-linecap=\"round\" stroke-linejoin=\"round\" stroke-width=\"2\"><\/circle> <\/g> <\/g> <\/g> <\/g><\/svg><\/span><\/div>\n<\/div>\n\n\n\n<h2 class=\"gb-text gb-text-2ad9c209\">Ki\u00e1ll\u00edt\u00f3i regisztr\u00e1ci\u00f3s \u0171rlap kit\u00f6lt\u00e9se<\/h2>\n\n\n<div class='fluentform ff-default fluentform_wrapper_1  ff_guten_block ffs_custom_wrap'><form data-form_id=\"1\" id=\"fluentform_1\" class=\"frm-fluent-form fluent_form_1 ff-el-form-top ff_form_instance_1_1 ff-form-loading ffs_custom\" data-form_instance=\"ff_form_instance_1_1\" method=\"POST\" ><fieldset  style=\"border: none!important;margin: 0!important;padding: 0!important;background-color: transparent!important;box-shadow: none!important;outline: none!important; min-inline-size: 100%;\">\n                    <legend class=\"ff_screen_reader_title\" style=\"display: block; margin: 0!important;padding: 0!important;height: 0!important;text-indent: -999999px;width: 0!important;overflow:hidden;\">Contact Form Demo<\/legend><input type='hidden' name='__fluent_form_embded_post_id' value='49381' \/><input type=\"hidden\" id=\"_fluentform_1_fluentformnonce\" name=\"_fluentform_1_fluentformnonce\" value=\"fad4b1f2f3\" \/><input type=\"hidden\" name=\"_wp_http_referer\" value=\"\/en\/wp-json\/wp\/v2\/pages\/49381\" \/><div data-type=\"name-element\" data-name=\"names\" class=\" ff-field_container ff-name-field-wrapper\" ><div class='ff-t-container'><div class='ff-t-cell '><div class='ff-el-group'><div class=\"ff-el-input--label ff-el-is-required asterisk-right\"><label for='ff_1_names_first_name_' >N\u00e9v<\/label><\/div><div class='ff-el-input--content'><input type=\"text\" name=\"names[first_name]\" id=\"ff_1_names_first_name_\" class=\"ff-el-form-control\" aria-invalid=\"false\" aria-required=true><\/div><\/div><\/div><\/div><\/div><div class='ff-el-group'><div class=\"ff-el-input--label ff-el-is-required asterisk-right\"><label for='ff_1_input_text' aria-label=\"Az \u00d6n szervezet\u00e9nek, c\u00e9g\u00e9nek megnevez\u00e9se\">Az \u00d6n szervezet\u00e9nek, c\u00e9g\u00e9nek megnevez\u00e9se<\/label><\/div><div class='ff-el-input--content'><input type=\"text\" name=\"input_text\" class=\"ff-el-form-control\" data-name=\"input_text\" id=\"ff_1_input_text\"  aria-invalid=\"false\" aria-required=true><\/div><\/div><div class='ff-el-group'><div class=\"ff-el-input--label ff-el-is-required asterisk-right\"><label for='ff_1_email' aria-label=\"Email\">Email<\/label><\/div><div class='ff-el-input--content'><input type=\"email\" name=\"email\" id=\"ff_1_email\" class=\"ff-el-form-control\" placeholder=\"cegesemail@gmail.com\" data-name=\"email\"  aria-invalid=\"false\" aria-required=true><\/div><\/div><div class='ff-el-group'><div class=\"ff-el-input--label asterisk-right\"><label for='ff_1_phone' aria-label=\"Telefonsz\u00e1m\">Telefonsz\u00e1m<\/label><\/div><div class='ff-el-input--content'><input name=\"phone\" class=\"ff-el-form-control ff-el-phone ff_el_with_extended_validation\" type=\"tel\" placeholder=\"20 123 4567\" data-name=\"phone\" id=\"ff_1_phone\" inputmode=\"tel\"  aria-invalid='false' aria-required=false><\/div><\/div><div class='ff-el-group'><div class=\"ff-el-input--label ff-el-is-required asterisk-right\"><label  aria-label=\"Honnan hallott err\u0151l az esem\u00e9nyr\u0151l?\">Honnan hallott err\u0151l az esem\u00e9nyr\u0151l?<\/label><\/div><div class='ff-el-input--content'><div class='ff-el-form-check ff-el-form-check-'><label class='ff-el-form-check-label' for=checkbox_a4b0ba00827b0b0dbc8f4b58fea9c245><input  type=\"checkbox\" name=\"checkbox[]\" data-name=\"checkbox\" class=\"ff-el-form-check-input ff-el-form-check-checkbox\" value=\"a weboldalr\u00f3l\"  id='checkbox_a4b0ba00827b0b0dbc8f4b58fea9c245' aria-label='a weboldalr\u00f3l' aria-invalid='false' aria-required=true> <span>a weboldalr\u00f3l<\/span><\/label><\/div><div class='ff-el-form-check ff-el-form-check-'><label class='ff-el-form-check-label' for=checkbox_4442ebb5d7d7f454e9a133ae67d2cbe4><input  type=\"checkbox\" name=\"checkbox[]\" data-name=\"checkbox\" class=\"ff-el-form-check-input ff-el-form-check-checkbox\" value=\"koll\u00e9g\u00e1kt\u00f3l\"  id='checkbox_4442ebb5d7d7f454e9a133ae67d2cbe4' aria-label='koll\u00e9g\u00e1kt\u00f3l' aria-invalid='false' aria-required=true> <span>koll\u00e9g\u00e1kt\u00f3l<\/span><\/label><\/div><div class='ff-el-form-check ff-el-form-check-'><label class='ff-el-form-check-label' for=checkbox_d20b5eaded0c70805a87bd462cdfadd3><input  type=\"checkbox\" name=\"checkbox[]\" data-name=\"checkbox\" class=\"ff-el-form-check-input ff-el-form-check-checkbox\" value=\"e-mailes h\u00edrlev\u00e9lben\"  id='checkbox_d20b5eaded0c70805a87bd462cdfadd3' aria-label='e-mailes h\u00edrlev\u00e9lben' aria-invalid='false' aria-required=true> <span>e-mailes h\u00edrlev\u00e9lben<\/span><\/label><\/div><div class='ff-el-form-check ff-el-form-check-'><label class='ff-el-form-check-label' for=checkbox_3b3249ccec2bafc4b28fe0a6d81d14a9><input  type=\"checkbox\" name=\"checkbox[]\" data-name=\"checkbox\" class=\"ff-el-form-check-input ff-el-form-check-checkbox\" value=\"k\u00f6z\u00f6ss\u00e9gi m\u00e9di\u00e1ban (Facebook, Twitter stb.)\"  id='checkbox_3b3249ccec2bafc4b28fe0a6d81d14a9' aria-label='k\u00f6z\u00f6ss\u00e9gi m\u00e9di\u00e1ban (Facebook, Twitter stb.)' aria-invalid='false' aria-required=true> <span>k\u00f6z\u00f6ss\u00e9gi m\u00e9di\u00e1ban (Facebook, Twitter stb.)<\/span><\/label><\/div><\/div><\/div><div class='ff-el-group'><div class=\"ff-el-input--label asterisk-right\"><label for='ff_1_input_text_1' aria-label=\"Kor\u00e1bban r\u00e9szt vett rendezv\u00e9ny\u00fcnk\u00f6n, mint ki\u00e1ll\u00edt\u00f3? Amennyiben igen, k\u00e9rj\u00fck ossza meg vel\u00fcnk, hogy melyiken?\">Kor\u00e1bban r\u00e9szt vett rendezv\u00e9ny\u00fcnk\u00f6n, mint ki\u00e1ll\u00edt\u00f3? Amennyiben igen, k\u00e9rj\u00fck ossza meg vel\u00fcnk, hogy melyiken? <\/label><\/div><div class='ff-el-input--content'><input type=\"text\" name=\"input_text_1\" class=\"ff-el-form-control\" data-name=\"input_text_1\" id=\"ff_1_input_text_1\"  aria-invalid=\"false\" aria-required=false><\/div><\/div><div class='ff-el-group'><div class=\"ff-el-input--label ff-el-is-required asterisk-right\"><label  aria-label=\"K\u00e9rj\u00fck, jel\u00f6lje meg, hogy mely berendez\u00e9si t\u00e1rgyakra, szolg\u00e1ltat\u00e1sunkra tart ig\u00e9nyt!\">K\u00e9rj\u00fck, jel\u00f6lje meg, hogy mely berendez\u00e9si t\u00e1rgyakra, szolg\u00e1ltat\u00e1sunkra tart ig\u00e9nyt!<\/label><\/div><div class='ff-el-input--content'><div class='ff-el-form-check ff-el-form-check-'><label class='ff-el-form-check-label' for=checkbox_1_9b322607a6bc0ce9147c73b83aaae9a0><input  type=\"checkbox\" name=\"checkbox_1[]\" data-name=\"checkbox_1\" class=\"ff-el-form-check-input ff-el-form-check-checkbox\" value=\"2 db asztal\"  id='checkbox_1_9b322607a6bc0ce9147c73b83aaae9a0' aria-label='2 db asztal' aria-invalid='false' aria-required=true> <span>2 db asztal<\/span><\/label><\/div><div class='ff-el-form-check ff-el-form-check-'><label class='ff-el-form-check-label' for=checkbox_1_9b73fadbc479a924aa10c7dd9afbd19e><input  type=\"checkbox\" name=\"checkbox_1[]\" data-name=\"checkbox_1\" class=\"ff-el-form-check-input ff-el-form-check-checkbox\" value=\" 2 db sz\u00e9k\"  id='checkbox_1_9b73fadbc479a924aa10c7dd9afbd19e' aria-label='2 db sz\u00e9k' aria-invalid='false' aria-required=true> <span> 2 db sz\u00e9k<\/span><\/label><\/div><div class='ff-el-form-check ff-el-form-check-'><label class='ff-el-form-check-label' for=checkbox_1_859cce9bac1608394fcf14e0b6cd99af><input  type=\"checkbox\" name=\"checkbox_1[]\" data-name=\"checkbox_1\" class=\"ff-el-form-check-input ff-el-form-check-checkbox\" value=\"\u00e1ramszolg\u00e1ltat\u00e1s\"  id='checkbox_1_859cce9bac1608394fcf14e0b6cd99af' aria-label='\u00e1ramszolg\u00e1ltat\u00e1s' aria-invalid='false' aria-required=true> <span>\u00e1ramszolg\u00e1ltat\u00e1s<\/span><\/label><\/div><div class='ff-el-form-check ff-el-form-check-'><label class='ff-el-form-check-label' for=checkbox_1_ceee1b527a63c098257b9c411e965a28><input  type=\"checkbox\" name=\"checkbox_1[]\" data-name=\"checkbox_1\" class=\"ff-el-form-check-input ff-el-form-check-checkbox\" value=\"WiFi\"  id='checkbox_1_ceee1b527a63c098257b9c411e965a28' aria-label='WiFi' aria-invalid='false' aria-required=true> <span>WiFi<\/span><\/label><\/div><\/div><\/div><div class='ff-el-group  ff-custom_html' tabindex='-1' data-name=\"custom_html-1_1\" ><p>\u00a0<img loading=\"lazy\" decoding=\"async\" class=\"alignnone size-large wp-image-49440\" src=\"https:\/\/innoday.ludovika.hu\/wp-content\/uploads\/2025\/09\/Ludovika-Arena-elhelyezesi-vazlat_11-1024x724.png\" alt=\"\" width=\"1024\" height=\"724\" srcset=\"https:\/\/innoday.ludovika.hu\/wp-content\/uploads\/2025\/09\/Ludovika-Arena-elhelyezesi-vazlat_11-1024x724.png 1024w, https:\/\/innoday.ludovika.hu\/wp-content\/uploads\/2025\/09\/Ludovika-Arena-elhelyezesi-vazlat_11-300x212.png 300w, https:\/\/innoday.ludovika.hu\/wp-content\/uploads\/2025\/09\/Ludovika-Arena-elhelyezesi-vazlat_11-768x543.png 768w, https:\/\/innoday.ludovika.hu\/wp-content\/uploads\/2025\/09\/Ludovika-Arena-elhelyezesi-vazlat_11-1536x1085.png 1536w, https:\/\/innoday.ludovika.hu\/wp-content\/uploads\/2025\/09\/Ludovika-Arena-elhelyezesi-vazlat_11-2048x1447.png 2048w\" sizes=\"auto, (max-width: 1024px) 100vw, 1024px\" \/><\/p><\/div><div class='ff-el-group'><div class=\"ff-el-input--label asterisk-right\"><label for='ff_1_dropdown' aria-label=\"K\u00e9rj\u00fck, foglaljon standot. Jel\u00f6lje meg az \u00d6n\u00f6k sz\u00e1m\u00e1ra legalkalmasabb helysz\u00ednt a fenti k\u00e9p alapj\u00e1n!\">K\u00e9rj\u00fck, foglaljon standot. Jel\u00f6lje meg az \u00d6n\u00f6k sz\u00e1m\u00e1ra legalkalmasabb helysz\u00ednt a fenti k\u00e9p alapj\u00e1n! <\/label><div class=\"ff-el-tooltip\" data-content=\"A k\u00e9rd\u0151\u00edvet folyamatosan friss\u00edtj\u00fck, hogy csak a szabad helyekb\u0151l lehessen v\u00e1lasztani.\"><svg width=\"16\" height=\"16\" viewBox=\"0 0 25 25\"><path d=\"m329 393l0-46c0-2-1-4-2-6-2-2-4-3-7-3l-27 0 0-146c0-3-1-5-3-7-2-1-4-2-7-2l-91 0c-3 0-5 1-7 2-1 2-2 4-2 7l0 46c0 2 1 5 2 6 2 2 4 3 7 3l27 0 0 91-27 0c-3 0-5 1-7 3-1 2-2 4-2 6l0 46c0 3 1 5 2 7 2 1 4 2 7 2l128 0c3 0 5-1 7-2 1-2 2-4 2-7z m-36-256l0-46c0-2-1-4-3-6-2-2-4-3-7-3l-54 0c-3 0-5 1-7 3-2 2-3 4-3 6l0 46c0 3 1 5 3 7 2 1 4 2 7 2l54 0c3 0 5-1 7-2 2-2 3-4 3-7z m182 119c0 40-9 77-29 110-20 34-46 60-80 80-33 20-70 29-110 29-40 0-77-9-110-29-34-20-60-46-80-80-20-33-29-70-29-110 0-40 9-77 29-110 20-34 46-60 80-80 33-20 70-29 110-29 40 0 77 9 110 29 34 20 60 46 80 80 20 33 29 70 29 110z\" transform=\"scale(0.046875 0.046875)\"><\/path><\/svg><\/div><\/div><div class='ff-el-input--content'><select name=\"dropdown\" id=\"ff_1_dropdown\" class=\"ff-el-form-control\" data-name=\"dropdown\" data-calc_value=\"0\"  aria-invalid=\"false\" aria-required=false><option value=\"\">&#8211; hely kiv\u00e1laszt\u00e1sa &#8211;<\/option><option value=\"A1\"  >A1<\/option><option value=\"A6\"  >A6<\/option><option value=\"C1\"  >C1<\/option><option value=\"D8\"  >D8<\/option><\/select><\/div><\/div><div class='ff-el-group'><div class=\"ff-el-input--label asterisk-right\"><label for='ff_1_input_text_2' aria-label=\"Amennyiben aut\u00f3val \u00e9rkezik a rendezv\u00e9nyre, ig\u00e9nyelhet ingyenes parkol\u00e1st. Ehhez, k\u00e9rj\u00fck, adja meg a rendsz\u00e1m\u00e1t \u00e9s a j\u00e1rm\u0171 t\u00edpus\u00e1t. (K\u00e9rj\u00fck vegye figyelembe, hogy ki\u00e1ll\u00edt\u00f3nk\u00e9nk maximum 2 parkol\u00f3helyet tudunk biztos\u00edtani.)\">Amennyiben aut\u00f3val \u00e9rkezik a rendezv\u00e9nyre, ig\u00e9nyelhet ingyenes parkol\u00e1st. Ehhez, k\u00e9rj\u00fck, adja meg a rendsz\u00e1m\u00e1t \u00e9s a j\u00e1rm\u0171 t\u00edpus\u00e1t. (K\u00e9rj\u00fck vegye figyelembe, hogy ki\u00e1ll\u00edt\u00f3nk\u00e9nk maximum 2 parkol\u00f3helyet tudunk biztos\u00edtani.)<\/label><\/div><div class='ff-el-input--content'><input type=\"text\" name=\"input_text_2\" class=\"ff-el-form-control\" data-name=\"input_text_2\" id=\"ff_1_input_text_2\"  aria-invalid=\"false\" aria-required=false><\/div><\/div><div class='ff-el-group    ff-el-input--content'><div class='ff-el-form-check ff-el-tc'><label aria-label='Hozz\u00e1j\u00e1rul\u00e1s ahhoz, hogy ez a weboldal t\u00e1rolja a megadott adatokat, hogy v\u00e1laszolni tudjanak a megkeres\u00e9sre.' class='ff-el-form-check-label ff_tc_label' for=gdpr-agreement_8fe93ad0a65c8d20fa597774ef1f7ca3><span class='ff_tc_checkbox'><input type=\"checkbox\" name=\"gdpr-agreement\" class=\"ff-el-form-check-input ff_gdpr_field\" data-name=\"gdpr-agreement\" id=\"gdpr-agreement_8fe93ad0a65c8d20fa597774ef1f7ca3\"  value='on' aria-invalid='false' aria-required=true><\/span> <div class='ff_t_c'>Hozz\u00e1j\u00e1rul\u00e1s ahhoz, hogy ez a weboldal t\u00e1rolja a megadott adatokat, hogy v\u00e1laszolni tudjanak a megkeres\u00e9sre.<\/div><\/label><\/div><\/div><div class='ff-el-group ff-text-left ff_submit_btn_wrapper'><button type=\"submit\" class=\"ff-btn ff-btn-submit ff-btn-lg ff_btn_style\" >Regisztr\u00e1ci\u00f3s k\u00e9relem elk\u00fcld\u00e9se<\/button><\/div><\/fieldset><\/form><div id='fluentform_1_errors' class='ff-errors-in-stack ff_form_instance_1_1 ff-form-loading_errors ff_form_instance_1_1_errors'><\/div><\/div>            <script type=\"text\/javascript\">\n                window.fluent_form_ff_form_instance_1_1 = {\"id\":\"1\",\"settings\":{\"layout\":{\"labelPlacement\":\"top\",\"helpMessagePlacement\":\"with_label\",\"errorMessagePlacement\":\"inline\",\"cssClassName\":\"\",\"asteriskPlacement\":\"asterisk-right\"},\"restrictions\":{\"denyEmptySubmission\":{\"enabled\":false}}},\"form_instance\":\"ff_form_instance_1_1\",\"form_id_selector\":\"fluentform_1\",\"rules\":{\"names[first_name]\":{\"required\":{\"value\":true,\"message\":\"This field is required\",\"global\":true,\"global_message\":\"Ez egy k\\u00f6telez\\u0151 mez\\u0151\"}},\"names[middle_name]\":{\"required\":{\"value\":false,\"message\":\"This field is required\",\"global\":false,\"global_message\":\"Ez egy k\\u00f6telez\\u0151 mez\\u0151\"}},\"names[last_name]\":{\"required\":{\"value\":false,\"message\":\"This field is required\",\"global\":false,\"global_message\":\"Ez egy k\\u00f6telez\\u0151 mez\\u0151\"}},\"input_text\":{\"required\":{\"value\":true,\"message\":\"This field is required\",\"global_message\":\"Ez egy k\\u00f6telez\\u0151 mez\\u0151\",\"global\":true}},\"email\":{\"required\":{\"value\":true,\"message\":\"This field is required\",\"global\":true,\"global_message\":\"Ez egy k\\u00f6telez\\u0151 mez\\u0151\"},\"email\":{\"value\":true,\"message\":\"K\\u00e9rj\\u00fck, hogy \\u00e9rv\\u00e9nyes email c\\u00edmet adjon meg.\",\"global\":false,\"global_message\":\"A mez\\u0151nek \\u00e9rv\\u00e9nyes emailc\\u00edmet kell tartalmaznia\"}},\"phone\":{\"required\":{\"value\":false,\"global\":true,\"message\":\"This field is required\",\"global_message\":\"Ez egy k\\u00f6telez\\u0151 mez\\u0151\"},\"valid_phone_number\":{\"value\":true,\"global\":true,\"message\":\"Phone number is not valid\",\"global_message\":\"A telefonsz\\u00e1m nem \\u00e9rv\\u00e9nyes\"}},\"checkbox\":{\"required\":{\"value\":true,\"message\":\"This field is required\",\"global_message\":\"Ez egy k\\u00f6telez\\u0151 mez\\u0151\",\"global\":true}},\"input_text_1\":{\"required\":{\"value\":false,\"message\":\"This field is required\",\"global_message\":\"Ez egy k\\u00f6telez\\u0151 mez\\u0151\",\"global\":true}},\"checkbox_1\":{\"required\":{\"value\":true,\"message\":\"This field is required\",\"global_message\":\"Ez egy k\\u00f6telez\\u0151 mez\\u0151\",\"global\":true}},\"dropdown\":{\"required\":{\"value\":false,\"message\":\"This field is required\",\"global_message\":\"Ez egy k\\u00f6telez\\u0151 mez\\u0151\",\"global\":true}},\"input_text_2\":{\"required\":{\"value\":false,\"message\":\"This field is required\",\"global_message\":\"Ez egy k\\u00f6telez\\u0151 mez\\u0151\",\"global\":true}},\"gdpr-agreement\":{\"required\":{\"value\":true,\"message\":\"This field is required\",\"global_message\":\"Ez egy k\\u00f6telez\\u0151 mez\\u0151\",\"global\":true}}},\"debounce_time\":300};\n                            <\/script>\n            <\/div>\n<\/div>\n","protected":false},"excerpt":{"rendered":"<p>Participation as Exhibitor \u2013 100.000 HUF + VAT Participation as Exhibitor + Presenter \u2013 150,000 HUF + VAT Places for speakers are full. Ki\u00e1ll\u00edt\u00f3i regisztr\u00e1ci\u00f3s \u0171rlap kit\u00f6lt\u00e9se<\/p>\n","protected":false},"author":1,"featured_media":0,"parent":0,"menu_order":0,"comment_status":"closed","ping_status":"closed","template":"","meta":{"pgc_sgb_lightbox_settings":"","footnotes":""},"class_list":["post-49381","page","type-page","status-publish"],"_links":{"self":[{"href":"https:\/\/innoday.ludovika.hu\/en\/wp-json\/wp\/v2\/pages\/49381","targetHints":{"allow":["GET"]}}],"collection":[{"href":"https:\/\/innoday.ludovika.hu\/en\/wp-json\/wp\/v2\/pages"}],"about":[{"href":"https:\/\/innoday.ludovika.hu\/en\/wp-json\/wp\/v2\/types\/page"}],"author":[{"embeddable":true,"href":"https:\/\/innoday.ludovika.hu\/en\/wp-json\/wp\/v2\/users\/1"}],"replies":[{"embeddable":true,"href":"https:\/\/innoday.ludovika.hu\/en\/wp-json\/wp\/v2\/comments?post=49381"}],"version-history":[{"count":1,"href":"https:\/\/innoday.ludovika.hu\/en\/wp-json\/wp\/v2\/pages\/49381\/revisions"}],"predecessor-version":[{"id":49382,"href":"https:\/\/innoday.ludovika.hu\/en\/wp-json\/wp\/v2\/pages\/49381\/revisions\/49382"}],"wp:attachment":[{"href":"https:\/\/innoday.ludovika.hu\/en\/wp-json\/wp\/v2\/media?parent=49381"}],"curies":[{"name":"wp","href":"https:\/\/api.w.org\/{rel}","templated":true}]}}