{"id":49380,"date":"2025-06-27T10:03:00","date_gmt":"2025-06-27T08:03:00","guid":{"rendered":"https:\/\/innoday.ludovika.hu\/reszletek\/"},"modified":"2025-06-27T10:03:00","modified_gmt":"2025-06-27T08:03:00","slug":"reszletek","status":"publish","type":"page","link":"https:\/\/innoday.ludovika.hu\/en\/reszletek\/","title":{"rendered":"R\u00e9szletek"},"content":{"rendered":"\n<div>\n<div>\n<h2 class=\"gb-text\"><strong>R\u00e9szv\u00e9tel ki\u00e1ll\u00edt\u00f3k\u00e9nt \u2013 100.000 HUF + \u00c1FA<\/strong><\/h2>\n\n\n\n<ul class=\"wp-block-list\">\n<li>Egy stand (2 asztal, 2 sz\u00e9k)<\/li>\n\n\n\n<li>A szponzor nev\u00e9nek, log\u00f3j\u00e1nak \u00e9s\/vagy egy\u00e9b jel\u00f6l\u00e9s\u00e9nek megjelen\u00e9se az NKE Innov\u00e1ci\u00f3s Nap hivatalos plak\u00e1tjain, megh\u00edv\u00f3in, sz\u00f3r\u00f3lapjain<\/li>\n\n\n\n<li>A szponzor nev\u00e9nek, log\u00f3j\u00e1nak \u00e9s\/vagy egy\u00e9b anyag\u00e1nak szakmai partnerk\u00e9nt t\u00f6rt\u00e9n\u0151 megjelen\u00edt\u00e9se az NKE Facebook fel\u00fclet\u00e9n l\u00e9trehozott esem\u00e9nyen<\/li>\n\n\n\n<li>A rendezv\u00e9nyt n\u00e9pszer\u0171s\u00edt\u0151 cikkekben szakmai partnerk\u00e9nt t\u00f6rt\u00e9n\u0151 megjelen\u00edt\u00e9s az al\u00e1bbi kommunik\u00e1ci\u00f3s fel\u00fcleteken:<\/li>\n\n\n\n<li>ludovika.hu, az NKE tudom\u00e1nyos platformja \u2013 Innov\u00e1ci\u00f3 &amp; Technol\u00f3gia Blog<\/li>\n\n\n\n<li>Innov\u00e1ci\u00f3s \u00e9s Technol\u00f3giai Oszt\u00e1ly honlapja \u2013 iti.uni-nke.hu<\/li>\n\n\n\n<li>innoday.ludovika.hu, a rendezv\u00e9ny webes fel\u00fclete<\/li>\n\n\n\n<li>NKE Innov\u00e1ci\u00f3s Nap 2025 ki\u00e1ll\u00edt\u00f3i katal\u00f3gusa<\/li>\n\n\n\n<li>A rendezv\u00e9nyt k\u00f6vet\u0151 megjelen\u00e9s: a Bonum Publicumban, a Nemzeti K\u00f6zszolg\u00e1lati Egyetem magazinj\u00e1ban, valamint az NKE honlapj\u00e1n (uni-nke.hu)<\/li>\n<\/ul>\n\n\n\n<h2 class=\"gb-text\"><strong>R\u00e9szv\u00e9tel ki\u00e1ll\u00edt\u00f3k\u00e9nt + el\u0151ad\u00f3k\u00e9nt \u2013 150.000 HUF + \u00c1FA<\/strong><\/h2>\n\n\n\n<div class=\"gb-text-23a4e658\"><span class=\"gb-text\">Az el\u0151ad\u00f3i helyek beteltek<\/span><span class=\"gb-shape\"><svg viewBox=\"0 0 24 24\" xmlns=\"http:\/\/www.w3.org\/2000\/svg\" fill=\"#000000\"><g id=\"SVGRepo_bgCarrier\" stroke-width=\"0\"><\/g><g id=\"SVGRepo_tracerCarrier\" stroke-linecap=\"round\" stroke-linejoin=\"round\"><\/g><g id=\"SVGRepo_iconCarrier\"> <title><\/title> <g id=\"Complete\"> <g id=\"alert-circle\"> <g> <line fill=\"none\" stroke=\"#ffffff\" stroke-linecap=\"round\" stroke-linejoin=\"round\" stroke-width=\"2\" x1=\"12\" x2=\"12\" y1=\"8\" y2=\"12\"><\/line> <line fill=\"none\" stroke=\"#ffffff\" stroke-linecap=\"round\" stroke-linejoin=\"round\" stroke-width=\"2\" x1=\"12\" x2=\"12\" y1=\"16\" y2=\"16\"><\/line> <circle cx=\"12\" cy=\"12\" data-name=\"--Circle\" fill=\"none\" id=\"_--Circle\" r=\"10\" stroke=\"#ffffff\" stroke-linecap=\"round\" stroke-linejoin=\"round\" stroke-width=\"2\"><\/circle> <\/g> <\/g> <\/g> <\/g><\/svg><\/span><\/div>\n\n\n\n<ul class=\"wp-block-list\">\n<li>Egy stand (2 asztal, 2 sz\u00e9k)<\/li>\n\n\n\n<li>A szponzor nev\u00e9nek, log\u00f3j\u00e1nak \u00e9s\/vagy egy\u00e9b jel\u00f6l\u00e9s\u00e9nek megjelen\u00e9se az NKE Innov\u00e1ci\u00f3s Nap hivatalos plak\u00e1tjain, megh\u00edv\u00f3in, sz\u00f3r\u00f3lapjain<\/li>\n\n\n\n<li>A szponzor nev\u00e9nek, log\u00f3j\u00e1nak \u00e9s\/vagy egy\u00e9b anyag\u00e1nak szakmai partnerk\u00e9nt t\u00f6rt\u00e9n\u0151 megjelen\u00edt\u00e9se az NKE Facebook fel\u00fclet\u00e9n l\u00e9trehozott esem\u00e9nyen<\/li>\n\n\n\n<li>A rendezv\u00e9nyt n\u00e9pszer\u0171s\u00edt\u0151 cikkekben szakmai partnerk\u00e9nt t\u00f6rt\u00e9n\u0151 megjelen\u00edt\u00e9s az al\u00e1bbi kommunik\u00e1ci\u00f3s fel\u00fcleteken:<\/li>\n\n\n\n<li>ludovika.hu, az NKE tudom\u00e1nyos platformja \u2013 Innov\u00e1ci\u00f3 &amp; Technol\u00f3gia Blog<\/li>\n\n\n\n<li>Innov\u00e1ci\u00f3s \u00e9s Technol\u00f3giai Oszt\u00e1ly honlapja \u2013 iti.uni-nke.hu<\/li>\n\n\n\n<li>innoday.ludovika.hu, a rendezv\u00e9ny webes fel\u00fclete<\/li>\n\n\n\n<li>NKE Innov\u00e1ci\u00f3s Nap 2025 ki\u00e1ll\u00edt\u00f3i katal\u00f3gusa<\/li>\n\n\n\n<li>A rendezv\u00e9nyt k\u00f6vet\u0151 megjelen\u00e9s: a Bonum Publicumban, a Nemzeti K\u00f6zszolg\u00e1lati Egyetem magazinj\u00e1ban, valamint az NKE honlapj\u00e1n (uni-nke.hu)<\/li>\n\n\n\n<li><strong>Egy el\u0151ad\u00e1s megtart\u00e1s\u00e1nak lehet\u0151s\u00e9ge<\/strong><\/li>\n<\/ul>\n<\/div>\n<\/div>\n","protected":false},"excerpt":{"rendered":"<p>R\u00e9szv\u00e9tel ki\u00e1ll\u00edt\u00f3k\u00e9nt \u2013 100.000 HUF + \u00c1FA R\u00e9szv\u00e9tel ki\u00e1ll\u00edt\u00f3k\u00e9nt + el\u0151ad\u00f3k\u00e9nt \u2013 150.000 HUF + \u00c1FA Az el\u0151ad\u00f3i helyek beteltek<\/p>\n","protected":false},"author":1,"featured_media":0,"parent":0,"menu_order":0,"comment_status":"closed","ping_status":"closed","template":"","meta":{"pgc_sgb_lightbox_settings":"","footnotes":""},"class_list":["post-49380","page","type-page","status-publish"],"_links":{"self":[{"href":"https:\/\/innoday.ludovika.hu\/en\/wp-json\/wp\/v2\/pages\/49380","targetHints":{"allow":["GET"]}}],"collection":[{"href":"https:\/\/innoday.ludovika.hu\/en\/wp-json\/wp\/v2\/pages"}],"about":[{"href":"https:\/\/innoday.ludovika.hu\/en\/wp-json\/wp\/v2\/types\/page"}],"author":[{"embeddable":true,"href":"https:\/\/innoday.ludovika.hu\/en\/wp-json\/wp\/v2\/users\/1"}],"replies":[{"embeddable":true,"href":"https:\/\/innoday.ludovika.hu\/en\/wp-json\/wp\/v2\/comments?post=49380"}],"version-history":[{"count":0,"href":"https:\/\/innoday.ludovika.hu\/en\/wp-json\/wp\/v2\/pages\/49380\/revisions"}],"wp:attachment":[{"href":"https:\/\/innoday.ludovika.hu\/en\/wp-json\/wp\/v2\/media?parent=49380"}],"curies":[{"name":"wp","href":"https:\/\/api.w.org\/{rel}","templated":true}]}}